{"id":46,"date":"2012-05-31T14:17:02","date_gmt":"2012-05-31T14:17:02","guid":{"rendered":"http:\/\/www.compagniedupassage.ch\/nouveau\/?page_id=46"},"modified":"2018-08-09T15:15:13","modified_gmt":"2018-08-09T15:15:13","slug":"antigone","status":"publish","type":"page","link":"https:\/\/www.compagniedupassage.ch\/2022\/spectacles\/antigone\/","title":{"rendered":"Antigone"},"content":{"rendered":"<p>d&rsquo;apr\u00e8s <strong>Henry Bauchau<\/strong>, mise en sc\u00e8ne <strong>Robert Sandoz<\/strong><\/p>\n<p>Une histoire d&rsquo;amour fraternel et universel, dans laquelle des h\u00e9ros modernes et sans concession se forgent leur propre l\u00e9gende. Posant un regard \u00e9mouvant et lucide sur les liens familiaux, Henry Bauchau exacerbe les \u00e9motions pour interroger notre besoin d\u2019\u00e9pop\u00e9e et d\u2019existences plus grandes que la vie. Entrem\u00ealant la magie de l\u2019intime et de l\u2019universel, il r\u00e9unit quatre fr\u00e8res et soeurs dans une ville partag\u00e9e entre la conservation de son pass\u00e9 et les enjeux de l\u2019avenir. Anim\u00e9s chacun d\u2019une vision du monde diff\u00e9rente, ils s\u2019affrontent \u00e0 la vie \u00e0 la mort, fid\u00e8les \u00e8 leurs id\u00e9aux.<\/p>\n<p>Adapt\u00e9e par Antoinette Rychner, cette pi\u00e8ce aux r\u00e9sonances fortement contemporaines s\u2019ouvre par quatre prologues distincts jou\u00e9s hors les murs (ou dans d\u2019autres lieux du th\u00e9\u00e2tre) par chacun des enfants d\u2019OEdipe. Le spectateur n\u2019assiste qu\u2019\u00e0 l\u2019un d\u2019entre eux avant de se rendre au th\u00e9\u00e2tre, devenu Th\u00e8bes assi\u00e9g\u00e9e, o\u00f9 se retrouve tout le public r\u00e9uni.<\/p>\n<p>Pour Robert Sandoz, mettre en sc\u00e8ne&nbsp;<em>Antigone<\/em>, c\u2019est d\u00e9sirer un th\u00e9\u00e2tre puissant. Port\u00e9 par une g\u00e9n\u00e9reuse distribution au souffle \u00e9pique amplifi\u00e9 par un quatuor de cuivres, celui-ci l\u2019est, assur\u00e9ment.<\/p>\nngg_shortcode_0_placeholder\n<h6>&nbsp;REVUE DE PRESSE<\/h6>\n<p><em>\u00abLe metteur en sc\u00e8ne impressionne avec une tr\u00e8s belle adaptation d\u2019Antigone tout en mouvement.\u00bb&nbsp;<strong>Le Temps<\/strong><\/em><\/p>\n<p><em>\u00abUn jeu tr\u00e8s physique (\u2026), des parenth\u00e8ses burlesques et des effets pyrotechniques qui, sans relever de l\u2019inflexible n\u00e9cessit\u00e9 tragique, contrebalancent utilement le poids des paroles solennelles.\u00bb&nbsp;<strong>L&rsquo;Express<\/strong><\/em><\/p>\n<h6>TOURNEE 2011<\/h6>\n<p><strong>12 repr\u00e9sentations<\/strong><\/p>\n<p><strong>2011<\/strong><br \/>\nNeuch\u00e2tel (CH) \u2013 Th\u00e9\u00e2tre du Passage<br \/>\nMeyrin (CH) \u2013 Th\u00e9\u00e2tre Forum Meyrinn<\/p>\n","protected":false},"excerpt":{"rendered":"<p>Une histoire d&rsquo;amour fraternel et universel, dans laquelle des h\u00e9ros modernes et sans concession se forgent leur propre l\u00e9gende.<\/p>\n<div class=\"read-more\"><a href=\"https:\/\/www.compagniedupassage.ch\/2022\/spectacles\/antigone\/\">Lire la suite &#8250;<\/a><\/div>\n<p><!-- end of .read-more --><\/p>\n","protected":false},"author":9,"featured_media":1151,"parent":320,"menu_order":20,"comment_status":"closed","ping_status":"closed","template":"","meta":{"ngg_post_thumbnail":0,"footnotes":"","_links_to":"","_links_to_target":""},"class_list":["post-46","page","type-page","status-publish","has-post-thumbnail","hentry"],"_links":{"self":[{"href":"https:\/\/www.compagniedupassage.ch\/2022\/wp-json\/wp\/v2\/pages\/46","targetHints":{"allow":["GET"]}}],"collection":[{"href":"https:\/\/www.compagniedupassage.ch\/2022\/wp-json\/wp\/v2\/pages"}],"about":[{"href":"https:\/\/www.compagniedupassage.ch\/2022\/wp-json\/wp\/v2\/types\/page"}],"author":[{"embeddable":true,"href":"https:\/\/www.compagniedupassage.ch\/2022\/wp-json\/wp\/v2\/users\/9"}],"replies":[{"embeddable":true,"href":"https:\/\/www.compagniedupassage.ch\/2022\/wp-json\/wp\/v2\/comments?post=46"}],"version-history":[{"count":22,"href":"https:\/\/www.compagniedupassage.ch\/2022\/wp-json\/wp\/v2\/pages\/46\/revisions"}],"predecessor-version":[{"id":1958,"href":"https:\/\/www.compagniedupassage.ch\/2022\/wp-json\/wp\/v2\/pages\/46\/revisions\/1958"}],"up":[{"embeddable":true,"href":"https:\/\/www.compagniedupassage.ch\/2022\/wp-json\/wp\/v2\/pages\/320"}],"wp:featuredmedia":[{"embeddable":true,"href":"https:\/\/www.compagniedupassage.ch\/2022\/wp-json\/wp\/v2\/media\/1151"}],"wp:attachment":[{"href":"https:\/\/www.compagniedupassage.ch\/2022\/wp-json\/wp\/v2\/media?parent=46"}],"curies":[{"name":"wp","href":"https:\/\/api.w.org\/{rel}","templated":true}]}}