{"id":40,"date":"2012-05-31T14:15:27","date_gmt":"2012-05-31T14:15:27","guid":{"rendered":"http:\/\/www.compagniedupassage.ch\/nouveau\/?page_id=40"},"modified":"2018-08-09T15:12:55","modified_gmt":"2018-08-09T15:12:55","slug":"24-heures-vie-dune-femme","status":"publish","type":"page","link":"https:\/\/www.compagniedupassage.ch\/2022\/spectacles\/24-heures-vie-dune-femme\/","title":{"rendered":"24 heures de la vie d&rsquo;une femme"},"content":{"rendered":"<p style=\"text-align: justify;\">d&rsquo;apr\u00e8s <strong>Stefan Zweig<\/strong>, mise en sc\u00e8ne <strong>Marion Bierry<\/strong><\/p>\n<p style=\"text-align: justify;\">Stefan Zweig n&rsquo;est-il que l&rsquo;\u00e9crivain d\u00e9suet d&rsquo;un monde englouti, ou demeure-t-il aujourd&rsquo;hui un humaniste, un psychologue aigu, un t\u00e9moin palpitant, conteur de cette singuli\u00e8re modernit\u00e9? Les personnages des nouvelles de Zweig d\u00e9tiennent presque tous un secret qui les poss\u00e8de. Ils conservent farouchement, jusqu&rsquo;aux limites de l&rsquo;implosion, le noyau incandescent de leur passion, pr\u00e9f\u00e9rant, comme les joueurs&nbsp;de Baudelaire :&nbsp;\u00ab &#8230; la douleur \u00e0 la mort et l&rsquo;enfer au n\u00e9ant .\u00bb<\/p>\n<p style=\"text-align: justify;\">Ces hommes et ces femmes, magn\u00e9tiquement habit\u00e9s, attirent \u00e0 leur rencontre des explorateurs de l&rsquo;\u00e2me. Un \u00e9tranger (Robert Bouvier) se rem\u00e9more l&rsquo;\u00e9tonnante confession d&rsquo;une femme&#8230; Et s&rsquo;il existait une volupt\u00e9 du secret, qu&#8217;emporte celui qui le re\u00e7oit de celui qui le transmet sans pour autant s&rsquo;en d\u00e9livrer&#8230;<br \/>\nS&rsquo;il se d\u00e9gageait une vapeur subversive de l&rsquo;art et de la vie venant chatouiller cette norme, que devient le commentaire du geste, la mise \u00e0 nu des proc\u00e9d\u00e9s, l&rsquo;exhibition de l&rsquo;intime&#8230;<br \/>\nSi d&rsquo;aventure au th\u00e9\u00e2tre, le plaisir des artistes se trouvait d&rsquo;\u00eatre simplement travers\u00e9s par le verbe et de confier, aux inconnus d&rsquo;un soir, leur tr\u00e8s inavouable passion&#8230;<br \/>\nCatherine Rich est mue par un myst\u00e8re. Si Zweig avait pu la conna\u00eetre, elle aurait aimant\u00e9 son chemin.&nbsp;<strong style=\"text-align: right;\">Marion Bierry<\/strong><\/p>\n<p style=\"text-align: justify;\">ngg_shortcode_0_placeholder<\/p>\n<h6 style=\"text-align: justify;\">REVUE DE PRESSE<strong><br \/>\n<\/strong><\/h6>\n<p><em>\u00abPuret\u00e9, \u00e9motion, juv\u00e9nilit\u00e9 inalt\u00e9rable, Catherine Rich ne d\u00e9\u00e7oit jamais. Robert Bouvier, ne d\u00e9m\u00e9rite pas.\u00bb&nbsp;<strong>Le nouvel Observateur<\/strong><\/em><\/p>\n<p><em>\u00abUn moment de pure \u00e9motion.\u00bb&nbsp;<strong>Le Figaro Magazine<\/strong><\/em><\/p>\n<p><em>\u00abCatherine Rich, souveraine, unit la raideur distingu\u00e9e et le romantisme sous-jacent de son personnage. Elle est exactement comme il faut.\u00bb&nbsp;<strong>Marianne<\/strong><\/em><\/p>\n<h6><strong>TOURNEES 2008-2012<\/strong><\/h6>\n<p><strong>170 repr\u00e9sentations<\/strong><\/p>\n<p><strong>2008<\/strong><br \/>\nParis (F) \u2013 Le Petit Montparnasse<br \/>\nParis (F) \u2013 Th\u00e9\u00e2tre Montparnasse<\/p>\n<p><strong>2009<\/strong><br \/>\nLe V\u00e9sinet (F) \u2013 Centre des Arts et Loisirs<br \/>\nNancy (F) \u2013 Salle Poirel<br \/>\nVal de Reuil (F) \u2013 Th\u00e9\u00e2tre des Chalands<br \/>\nSt-Germain-en-Laye (F) \u2013<br \/>\nTh\u00e9\u00e2tre Alexandre Dumas<br \/>\nBoulogne-Billancourt (F) \u2013<br \/>\nTh\u00e9\u00e2tre de L\u2019Ouest Parisien<br \/>\nCosne-sur-Loire (F) \u2013 Salle des F\u00eates<br \/>\nMiramas (F) \u2013 Th\u00e9\u00e2tre de la Colonne<br \/>\nBienne (CH) \u2013 Th\u00e9\u00e2tre Palace<br \/>\nMorges (CH) \u2013 Th\u00e9\u00e2tre de Beausobre<br \/>\nNeuch\u00e2tel (CH) \u2013 Th\u00e9\u00e2tre du Passage<br \/>\nVevey (CH) \u2013 Th\u00e9\u00e2tre municipal<br \/>\nAvignon (F) \u2013 Salle Beno\u00eet XII<br \/>\nSt-Rapha\u00ebl (F) \u2013 Palais des Congr\u00e8s<br \/>\nMonaco (F) \u2013 Th\u00e9\u00e2tre Princesse Grace<br \/>\nSte-Maxime (F) \u2013 Carr\u00e9 L\u00e9on Gaumont<br \/>\nNeuilly (F) \u2013 Th\u00e9\u00e2tre Le Village<\/p>\n<p><strong>2010<\/strong><br \/>\nLyon (F) \u2013 Th\u00e9\u00e2tre de la T\u00eate d\u2019Or<\/p>\n<p><strong>2011<\/strong><br \/>\nOrgeval (F) \u2013 Salle St-R\u00e9my<br \/>\nCologny (CH) \u2013 Fondation Bodmer<\/p>\n<p><strong>2012<\/strong><br \/>\nAngles (F) \u2013 Th\u00e9\u00e2tre municipal<\/p>\n","protected":false},"excerpt":{"rendered":"<p>Stefan Zweig n&rsquo;est-il que l&rsquo;\u00e9crivain d\u00e9suet d&rsquo;un monde englouti, ou demeure-t-il aujourd&rsquo;hui un humaniste, un psychologue aigu, un t\u00e9moin palpitant, conteur de cette singuli\u00e8re modernit\u00e9?<\/p>\n<div class=\"read-more\"><a href=\"https:\/\/www.compagniedupassage.ch\/2022\/spectacles\/24-heures-vie-dune-femme\/\">Lire la suite &#8250;<\/a><\/div>\n<p><!-- end of .read-more --><\/p>\n","protected":false},"author":9,"featured_media":1198,"parent":320,"menu_order":26,"comment_status":"closed","ping_status":"closed","template":"","meta":{"ngg_post_thumbnail":0,"footnotes":"","_links_to":"","_links_to_target":""},"class_list":["post-40","page","type-page","status-publish","has-post-thumbnail","hentry"],"_links":{"self":[{"href":"https:\/\/www.compagniedupassage.ch\/2022\/wp-json\/wp\/v2\/pages\/40","targetHints":{"allow":["GET"]}}],"collection":[{"href":"https:\/\/www.compagniedupassage.ch\/2022\/wp-json\/wp\/v2\/pages"}],"about":[{"href":"https:\/\/www.compagniedupassage.ch\/2022\/wp-json\/wp\/v2\/types\/page"}],"author":[{"embeddable":true,"href":"https:\/\/www.compagniedupassage.ch\/2022\/wp-json\/wp\/v2\/users\/9"}],"replies":[{"embeddable":true,"href":"https:\/\/www.compagniedupassage.ch\/2022\/wp-json\/wp\/v2\/comments?post=40"}],"version-history":[{"count":17,"href":"https:\/\/www.compagniedupassage.ch\/2022\/wp-json\/wp\/v2\/pages\/40\/revisions"}],"predecessor-version":[{"id":1955,"href":"https:\/\/www.compagniedupassage.ch\/2022\/wp-json\/wp\/v2\/pages\/40\/revisions\/1955"}],"up":[{"embeddable":true,"href":"https:\/\/www.compagniedupassage.ch\/2022\/wp-json\/wp\/v2\/pages\/320"}],"wp:featuredmedia":[{"embeddable":true,"href":"https:\/\/www.compagniedupassage.ch\/2022\/wp-json\/wp\/v2\/media\/1198"}],"wp:attachment":[{"href":"https:\/\/www.compagniedupassage.ch\/2022\/wp-json\/wp\/v2\/media?parent=40"}],"curies":[{"name":"wp","href":"https:\/\/api.w.org\/{rel}","templated":true}]}}