{"id":36,"date":"2012-05-31T14:14:09","date_gmt":"2012-05-31T14:14:09","guid":{"rendered":"http:\/\/www.compagniedupassage.ch\/nouveau\/?page_id=36"},"modified":"2018-08-09T15:11:02","modified_gmt":"2018-08-09T15:11:02","slug":"les-gloutons","status":"publish","type":"page","link":"https:\/\/www.compagniedupassage.ch\/2022\/spectacles\/les-gloutons\/","title":{"rendered":"Les gloutons"},"content":{"rendered":"<p>conception et mise en sc\u00e8ne&nbsp;<strong>Robert Bouvier<\/strong><\/p>\n<p>Les gloutons sont d\u00e9vor\u00e9s par un tel app\u00e9tit de vie, un tel app\u00e9tit d\u2019amour qu\u2019ils ne peuvent se satisfaire de ce qu\u2019ils ont (ou n\u2019ont pas) et sont toujours en qu\u00eate de sensations plus fortes, de bonheur plus grand. Cela les stimule, les terrorise, les exalte ou les perd. Leur rapport \u00e0 l\u2019autre et \u00e0 l\u2019instant pr\u00e9sent s\u2019en trouve souvent perturb\u00e9, qu\u2019ils se r\u00e9fugient dans des r\u00eaves, des souvenirs, se projettent dans d\u2019autres r\u00f4les, s\u2019accompagnent de doubles, se lancent des d\u00e9fis ou transgressent toutes les r\u00e8gles pour r\u00e9aliser leur d\u00e9sir.<\/p>\n<p>Ils aiment tant la vie qu\u2019ils ne se contentent pas d\u2019un seul sc\u00e9nario possible, se projetant volontiers dans d\u2019autres mondes enchant\u00e9s. Alors Mary Poppins descend des cintres pour les encourager dans leurs tentatives les plus t\u00e9m\u00e9raires. Jiminy Cricket, lui, surgit des coulisses pour s\u2019amuser \u00e0 entra\u00eener les amoureux gourmands dans de dr\u00f4les de d\u00e9rives.<\/p>\n<p>Ils ont faim d\u2019avoir faim. Il y a le pompier de service qui se met \u00e0 jouer don Juan sur sc\u00e8ne alors que le com\u00e9dien se r\u00e9fugie en coulisses o\u00f9 il rencontre le r\u00e9gisseur, le balayeur, la chanteuse&#8230; Il y a Alma, la costumi\u00e8re, qui est tomb\u00e9e amoureuse d\u2019un traiteur espagnol qu\u2019elle a vu dans une publicit\u00e9 de la t\u00e9l\u00e9vision locale et ne r\u00e9siste pas \u00e0 la tentation de l\u2019appeler pour lui passer commande. Il y a Louise qui voudrait un enfant, ou des jumeaux, ou des tripl\u00e9s\u2026 Et bien d\u2019autres personnages qui seront interpr\u00e9t\u00e9s par treize musiciens danseurs et com\u00e9diens en gros app\u00e9tit de vie eux aussi.<\/p>\nngg_shortcode_0_placeholder\n<h6>TOURNEE 2007<\/h6>\n<p><strong>5 repr\u00e9sentations<\/strong><\/p>\n<p><strong>2007<\/strong><br \/>\nNeuch\u00e2tel (CH) \u2013 Th\u00e9\u00e2tre du Passage<br \/>\nLa Chaux-de-Fonds (CH) \u2013 L\u2019Heure bleue<\/p>\n","protected":false},"excerpt":{"rendered":"<p>Les gloutons sont d\u00e9vor\u00e9s par un tel app\u00e9tit de vie, un tel app\u00e9tit d\u2019amour qu\u2019ils ne peuvent se satisfaire de ce qu\u2019ils ont (ou n\u2019ont pas) et sont toujours en qu\u00eate de sensations plus fortes, de bonheur plus grand.<\/p>\n<div class=\"read-more\"><a href=\"https:\/\/www.compagniedupassage.ch\/2022\/spectacles\/les-gloutons\/\">Lire la suite &#8250;<\/a><\/div>\n<p><!-- end of .read-more --><\/p>\n","protected":false},"author":9,"featured_media":1165,"parent":320,"menu_order":29,"comment_status":"closed","ping_status":"closed","template":"","meta":{"ngg_post_thumbnail":0,"footnotes":"","_links_to":"","_links_to_target":""},"class_list":["post-36","page","type-page","status-publish","has-post-thumbnail","hentry"],"_links":{"self":[{"href":"https:\/\/www.compagniedupassage.ch\/2022\/wp-json\/wp\/v2\/pages\/36","targetHints":{"allow":["GET"]}}],"collection":[{"href":"https:\/\/www.compagniedupassage.ch\/2022\/wp-json\/wp\/v2\/pages"}],"about":[{"href":"https:\/\/www.compagniedupassage.ch\/2022\/wp-json\/wp\/v2\/types\/page"}],"author":[{"embeddable":true,"href":"https:\/\/www.compagniedupassage.ch\/2022\/wp-json\/wp\/v2\/users\/9"}],"replies":[{"embeddable":true,"href":"https:\/\/www.compagniedupassage.ch\/2022\/wp-json\/wp\/v2\/comments?post=36"}],"version-history":[{"count":17,"href":"https:\/\/www.compagniedupassage.ch\/2022\/wp-json\/wp\/v2\/pages\/36\/revisions"}],"predecessor-version":[{"id":1953,"href":"https:\/\/www.compagniedupassage.ch\/2022\/wp-json\/wp\/v2\/pages\/36\/revisions\/1953"}],"up":[{"embeddable":true,"href":"https:\/\/www.compagniedupassage.ch\/2022\/wp-json\/wp\/v2\/pages\/320"}],"wp:featuredmedia":[{"embeddable":true,"href":"https:\/\/www.compagniedupassage.ch\/2022\/wp-json\/wp\/v2\/media\/1165"}],"wp:attachment":[{"href":"https:\/\/www.compagniedupassage.ch\/2022\/wp-json\/wp\/v2\/media?parent=36"}],"curies":[{"name":"wp","href":"https:\/\/api.w.org\/{rel}","templated":true}]}}