{"id":32,"date":"2012-05-31T14:13:04","date_gmt":"2012-05-31T14:13:04","guid":{"rendered":"http:\/\/www.compagniedupassage.ch\/nouveau\/?page_id=32"},"modified":"2018-08-09T15:08:47","modified_gmt":"2018-08-09T15:08:47","slug":"eloge-faiblesse","status":"publish","type":"page","link":"https:\/\/www.compagniedupassage.ch\/2022\/spectacles\/eloge-faiblesse\/","title":{"rendered":"Eloge de la faiblesse"},"content":{"rendered":"<p style=\"text-align: justify;\">d\u2019apr\u00e8s&nbsp;<strong>Alexandre Jollien<\/strong>, mise en sc\u00e8ne&nbsp;<strong>Charles Tordjman<\/strong><\/p>\n<p style=\"text-align: justify;\">O\u00f9 se d\u00e9roule cet \u00e9trange entretien entre&nbsp;Alexandre et Socrate? Peut-\u00eatre en Gr\u00e8ce, sur l\u2019agora, parmi la foule innombrable des passants anonymes? Ou, plus modestement, dans un petit dortoir faiblement \u00e9clair\u00e9, au plus secret de la nuit? Parce qu\u2019il nous oblige \u00e0 regarder autrement, Eloge de la faiblesse est un texte authentiquement philosophique. L\u2019auteur nous invite \u00e0 nous interroger sur la distinction entre normal et anormal et aussi, dans un combat joyeux, au d\u00e9passement de soi.<\/p>\n<p style=\"text-align: justify;\">ngg_shortcode_0_placeholder<\/p>\n<h6>REVUE DE PRESSE<\/h6>\n<p style=\"text-align: justify;\"><em>\u00abAlexandre Jollien craignait la fa\u00e7on dont serait repr\u00e9sent\u00e9 le handicap. Il est plus que rassur\u00e9, combl\u00e9. Si, dans le texte, Jollien \u00e9voque ses gestes d\u00e9sordonn\u00e9s comme ceux d\u2019un chef d\u2019orchestre incoh\u00e9rent, l\u2019acteur n\u2019illustre en rien ces propos. Une l\u00e9g\u00e8re torsion de la voix suffit \u00e0 cr\u00e9er l\u2019\u00e9tranget\u00e9. Longtemps, \u00e0 peine visible derri\u00e8re les stries, le corps de l\u2019acteur (Robert Bouvier, fort en tact) va peu \u00e0 peu se d\u00e9voiler, au fur et \u00e0 mesure que le texte s\u2019\u00e9carte de son cas particulier.\u00bb&nbsp;<\/em><strong><em>Lib\u00e9ration<\/em><\/strong><\/p>\n<p><em>\u00abUn spectacle aussi d\u00e9licat qu\u2019intelligent.\u00bb<strong>&nbsp;Le Temps<\/strong><\/em><\/p>\n<h6>TOURNEE 2005-2008<\/h6>\n<p><strong>110 repr\u00e9sentations<\/strong><\/p>\n<p><strong>2005<\/strong><br \/>\nGen\u00e8ve (CH) \u2013 Th\u00e9\u00e2tre Le Poche<\/p>\n<p><strong>2006<\/strong><br \/>\nLausanne (CH) \u2013 Th\u00e9\u00e2tre Vidy E.T.E.<br \/>\nLa Chaux-de-Fonds (CH) \u2013<br \/>\nTh\u00e9\u00e2tre Populaire Romand<br \/>\nSt-Maurice (CH) \u2013 Th\u00e9\u00e2tre du Martolet<br \/>\nSion (CH) \u2013 Th\u00e9\u00e2tre de Val\u00e8re<br \/>\nNeuch\u00e2tel (CH) \u2013 Th\u00e9\u00e2tre du Passage<br \/>\nVillars-sur-Gl\u00e2ne (CH) \u2013 Nuithonie<br \/>\nMartigny (CH) \u2013 L\u2019Alambic<br \/>\nSierre (CH) \u2013 Les Halles de Sierre<br \/>\nAvignon (F) \u2013 Th\u00e9\u00e2tre Les Halles<\/p>\n<p><strong>2007<\/strong><br \/>\nYverdon (CH) \u2013 Th\u00e9\u00e2tre Benno Besson<br \/>\nSt-Nazaire (F) \u2013 Le Fanal<br \/>\nLannion (F) \u2013 Le Carr\u00e9 magique<br \/>\nNancy (F) \u2013 CDN La Manufacture<br \/>\nVevey (CH) \u2013 Th\u00e9\u00e2tre municipal<br \/>\nBulle (CH) \u2013 CO2<br \/>\nAvenches (CH) \u2013 Th\u00e9\u00e2tre du Ch\u00e2teau<br \/>\nB\u00e2le (CH) \u2013 Stadttheater<br \/>\nRomont (CH) \u2013 Bicubic<\/p>\n<p><strong>2008<\/strong><br \/>\nFos-sur-mer (F) \u2013 Centre culturel<\/p>\n","protected":false},"excerpt":{"rendered":"<p>O\u00f9 se d\u00e9roule cet \u00e9trange entretien entre Alexandre et Socrate? Peut-\u00eatre en Gr\u00e8ce, sur l\u2019agora, parmi la foule innombrable des passants anonymes? Ou, plus modestement, dans un petit dortoir faiblement \u00e9clair\u00e9, au plus secret de la nuit?<\/p>\n<div class=\"read-more\"><a href=\"https:\/\/www.compagniedupassage.ch\/2022\/spectacles\/eloge-faiblesse\/\">Lire la suite &#8250;<\/a><\/div>\n<p><!-- end of .read-more --><\/p>\n","protected":false},"author":9,"featured_media":1171,"parent":320,"menu_order":31,"comment_status":"closed","ping_status":"closed","template":"","meta":{"ngg_post_thumbnail":0,"footnotes":"","_links_to":"","_links_to_target":""},"class_list":["post-32","page","type-page","status-publish","has-post-thumbnail","hentry"],"_links":{"self":[{"href":"https:\/\/www.compagniedupassage.ch\/2022\/wp-json\/wp\/v2\/pages\/32","targetHints":{"allow":["GET"]}}],"collection":[{"href":"https:\/\/www.compagniedupassage.ch\/2022\/wp-json\/wp\/v2\/pages"}],"about":[{"href":"https:\/\/www.compagniedupassage.ch\/2022\/wp-json\/wp\/v2\/types\/page"}],"author":[{"embeddable":true,"href":"https:\/\/www.compagniedupassage.ch\/2022\/wp-json\/wp\/v2\/users\/9"}],"replies":[{"embeddable":true,"href":"https:\/\/www.compagniedupassage.ch\/2022\/wp-json\/wp\/v2\/comments?post=32"}],"version-history":[{"count":22,"href":"https:\/\/www.compagniedupassage.ch\/2022\/wp-json\/wp\/v2\/pages\/32\/revisions"}],"predecessor-version":[{"id":1951,"href":"https:\/\/www.compagniedupassage.ch\/2022\/wp-json\/wp\/v2\/pages\/32\/revisions\/1951"}],"up":[{"embeddable":true,"href":"https:\/\/www.compagniedupassage.ch\/2022\/wp-json\/wp\/v2\/pages\/320"}],"wp:featuredmedia":[{"embeddable":true,"href":"https:\/\/www.compagniedupassage.ch\/2022\/wp-json\/wp\/v2\/media\/1171"}],"wp:attachment":[{"href":"https:\/\/www.compagniedupassage.ch\/2022\/wp-json\/wp\/v2\/media?parent=32"}],"curies":[{"name":"wp","href":"https:\/\/api.w.org\/{rel}","templated":true}]}}