{"id":28,"date":"2012-05-31T14:12:06","date_gmt":"2012-05-31T14:12:06","guid":{"rendered":"http:\/\/www.compagniedupassage.ch\/nouveau\/?page_id=28"},"modified":"2018-08-09T15:07:42","modified_gmt":"2018-08-09T15:07:42","slug":"lune-les-desherites","status":"publish","type":"page","link":"https:\/\/www.compagniedupassage.ch\/2022\/spectacles\/lune-les-desherites\/","title":{"rendered":"Une lune pour les d\u00e9sh\u00e9rit\u00e9s"},"content":{"rendered":"<p style=\"text-align: justify;\">d&rsquo;<strong>Eug\u00e8ne O\u2019Neill<\/strong>,&nbsp;mise en sc\u00e8ne&nbsp;<strong>Robert Bouvier<\/strong><\/p>\n<p style=\"text-align: justify;\">Le monde rude de fermiers irlandais d\u00e9racin\u00e9s dans le Connecticut\u2026 Mais un monde o\u00f9 l\u2019on conjure le mauvais sort en se jouant des bons tours, en provoquant le pouvoir \u00e9tabli, en c\u00e9l\u00e9brant la vie et l\u2019amiti\u00e9 et aussi parfois en s\u2019abandonnant \u00e0 l\u2019espoir d\u2019une autre vie. Il y a donc l\u00e0 James qui noie ses tourments dans le whisky en ressassant une vieille rengaine sentimentale\u2026 Et il y a Josie Hogan qui sous ses airs de d\u00e9lur\u00e9e est aussi pure que la l\u00e9gendaire dame \u00e0 la licorne, la vierge aupr\u00e8s de qui les \u00e2mes damn\u00e9es trouvaient le salut. James et Josie n\u2019oseraient jamais se dire qu\u2019ils s\u2019aiment mais cette fois ils se sont donn\u00e9s rendez-vous au clair de lune pour une nuit qu\u2019ils ont r\u00eav\u00e9e diff\u00e9rente des autres. Et qui le sera\u2026&nbsp;Oui quelque chose comme une nuit d\u2019amour. Et de r\u00e9demption aussi. M\u00eame si l\u2019aube aura une lumi\u00e8re de cr\u00e9puscule.<\/p>\n<p>Laur\u00e9at du prix nobel et du prix pulitzer, O\u2019Neill semble d\u00e9dier chacune de ses pi\u00e8ces \u00e0 tous les inconsol\u00e9s du monde&#8230; Il situe la trame d\u2019<em>Une lune pour les d\u00e9sh\u00e9rit\u00e9s<\/em>&nbsp;en 1943, l\u2019ann\u00e9e du suicide de son fr\u00e8re, Jamie. Lequel est le mod\u00e8le \u00e9vident du personnage de James, le com\u00e9dien rat\u00e9 de Broadway, le propri\u00e9taire de la ferme des Hogan.<\/p>\nngg_shortcode_0_placeholder\n<h6>REVUE DE PRESSE<\/h6>\n<p><i>\u00abEn une longue nuit d\u2019obscurit\u00e9 et de lumi\u00e8re, la chrysalide se m\u00e9tamorphose en femme et la com\u00e9dienne, Anne Benoit, resplendit. (\u2026) Figure maternelle et plus femme, elle appartient au cosmos. Immense, proche mais inaccessible, capable, avec ses partenaires, d\u2019arracher une larme aux spectateurs du Passage.\u00bb<br \/>\n<\/i><b>L. Coen, Le Temps <\/b>(CH), 23.10.2004<\/p>\n<p><i>\u00abLes com\u00e9diens r\u00e9sistent brillamment aux \u00e9preuves que l\u2019auteur leur impose. Ils sont irr\u00e9sistibles dans l\u2019exc\u00e8s, dans la col\u00e8re, le cri, la r\u00e9pugnance. Sentiments les moins jouables. Ils ne les jouent pas, ils les vivent, les sentent, les crachent jusqu\u2019aux fronti\u00e8res de lad\u00e9mence.\u00bb<br \/>\n<\/i><b>A. Caldara, L\u2019Express\/L\u2019Impartial <\/b>(CH), 22.10.2004<\/p>\n<p><i>\u00abComment ne pas \u00eatre conquise quand on a affaire \u00e0 de tels monstres de sc\u00e8ne? Anne Benoit, Jean-Quentin Ch\u00e2telain et Michel Baudinat forment un trio d\u2019acteurs tellement puissant, tellement bouleversant.\u00bb<br \/>\n<\/i><b>M.-P. Genecand, Espace 2 <\/b>(CH), 21.10.2004<b>&nbsp;<\/b><\/p>\n<p>\u00ab<i>Un spectacle fort et \u00e9mouvant\u00bb.<br \/>\n<\/i><b>M. Jank, Sc\u00e8nes magazine <\/b>(CH), 03.2007<i>&nbsp;<\/i><\/p>\n<p><i>\u00abRobert Bouvier met magnifiquement en sc\u00e8ne la terre et le ciel dans Une lune pour les d\u00e9sh\u00e9rit\u00e9s. Il y a des abysses profonds et du sublime dans cette mise en sc\u00e8ne qui enferme ses personnages dans des \u00e9tendues vides et s\u00e8ches, o\u00f9 le ciel trop bas bouche l\u2019horizon et condamne l\u2019existence. Dans cette partition o\u00f9 les silences et les mots tranchent comme des lames fines, la qualit\u00e9 de jeu est essentielle, tant les invectives ne sont souvent que caresses dissimul\u00e9es. D\u00e9fi hautement relev\u00e9, tous les com\u00e9diens sont absolument saisissants dans ce jeu trouble entre \u00e9lans et pudeur.\u00bb<br \/>\n<\/i><b>A.-S. Sprenger, Le Matin <\/b>(CH), 25.03.2007<i>&nbsp;<\/i><\/p>\n<p><i>\u00abDans une mise en sc\u00e8ne impeccable, et dans un \u00e9tonnant d\u00e9cor sugg\u00e9rant une campagne am\u00e9ricaine d\u00e9sol\u00e9e, la com\u00e9dienne Anne Benoit compose une Josie Hogan de toute force. Gr\u00e2ce \u00e0 son physique, sa voix et son talent elle est dans le vrai sur toute la ligne.\u00bb<br \/>\n<\/i><b>B. Chaix, La Tribune de Gen\u00e8ve <\/b>(CH), 31.03.2007<b>&nbsp;<\/b><\/p>\n<p><i>\u00abAdmirablement mis en sc\u00e8ne par Robert Bouvier, Jean-Quentin Ch\u00e2telain et Anne Beno\u00eet font de ce spectacle un moment tendre et inoubliable.\u00bb<br \/>\n<\/i><b>A.-S. Sprenger, L\u2019Hebdo <\/b>(CH), 29.03.2007<\/p>\n<h6>TOURNEE 2004-2007<\/h6>\n<p><strong>32 repr\u00e9sentations<\/strong><\/p>\n<p><strong>2004<\/strong><br \/>\nNeuch\u00e2tel (CH) \u2013 Th\u00e9\u00e2tre du Passage<br \/>\nLa Chaux-de-Fonds (CH) \u2013 L\u2019Heure bleue<\/p>\n<p><strong>2007<\/strong><br \/>\nGen\u00e8ve (CH) \u2013 Th\u00e9\u00e2tre de Carouge<br \/>\nAngoul\u00eame (F) \u2013 Th\u00e9\u00e2tre d\u2019Angoul\u00eame<br \/>\nSt-L\u00f4 (F) \u2013 Th\u00e9\u00e2tre Roger Ferdinand<br \/>\nVillars-sur-Gl\u00e2ne (CH) \u2013 Nuithonie<br \/>\nAngers (F) \u2013 Nouveau Th\u00e9\u00e2tre d\u2019Angers<br \/>\nBienne (CH) \u2013 Th\u00e9\u00e2tre Palace<br \/>\nStrasbourg (F) \u2013 Les TAPS<br \/>\nLausanne (CH) \u2013 Th\u00e9\u00e2tre Vidy E.T.E.<\/p>\n","protected":false},"excerpt":{"rendered":"<p>Le monde rude de fermiers irlandais d\u00e9racin\u00e9s dans le Connecticut\u2026 Mais un monde o\u00f9 l\u2019on conjure le mauvais sort en se jouant des bons tours, en provoquant le pouvoir \u00e9tabli, en c\u00e9l\u00e9brant la vie et l\u2019amiti\u00e9 et aussi parfois en s\u2019abandonnant \u00e0 l\u2019espoir d\u2019une autre vie.<\/p>\n<div class=\"read-more\"><a href=\"https:\/\/www.compagniedupassage.ch\/2022\/spectacles\/lune-les-desherites\/\">Lire la suite &#8250;<\/a><\/div>\n<p><!-- end of .read-more --><\/p>\n","protected":false},"author":9,"featured_media":1173,"parent":320,"menu_order":32,"comment_status":"closed","ping_status":"closed","template":"","meta":{"ngg_post_thumbnail":0,"footnotes":"","_links_to":"","_links_to_target":""},"class_list":["post-28","page","type-page","status-publish","has-post-thumbnail","hentry"],"_links":{"self":[{"href":"https:\/\/www.compagniedupassage.ch\/2022\/wp-json\/wp\/v2\/pages\/28","targetHints":{"allow":["GET"]}}],"collection":[{"href":"https:\/\/www.compagniedupassage.ch\/2022\/wp-json\/wp\/v2\/pages"}],"about":[{"href":"https:\/\/www.compagniedupassage.ch\/2022\/wp-json\/wp\/v2\/types\/page"}],"author":[{"embeddable":true,"href":"https:\/\/www.compagniedupassage.ch\/2022\/wp-json\/wp\/v2\/users\/9"}],"replies":[{"embeddable":true,"href":"https:\/\/www.compagniedupassage.ch\/2022\/wp-json\/wp\/v2\/comments?post=28"}],"version-history":[{"count":23,"href":"https:\/\/www.compagniedupassage.ch\/2022\/wp-json\/wp\/v2\/pages\/28\/revisions"}],"predecessor-version":[{"id":1950,"href":"https:\/\/www.compagniedupassage.ch\/2022\/wp-json\/wp\/v2\/pages\/28\/revisions\/1950"}],"up":[{"embeddable":true,"href":"https:\/\/www.compagniedupassage.ch\/2022\/wp-json\/wp\/v2\/pages\/320"}],"wp:featuredmedia":[{"embeddable":true,"href":"https:\/\/www.compagniedupassage.ch\/2022\/wp-json\/wp\/v2\/media\/1173"}],"wp:attachment":[{"href":"https:\/\/www.compagniedupassage.ch\/2022\/wp-json\/wp\/v2\/media?parent=28"}],"curies":[{"name":"wp","href":"https:\/\/api.w.org\/{rel}","templated":true}]}}