{"id":2372,"date":"2022-09-28T10:00:39","date_gmt":"2022-09-28T10:00:39","guid":{"rendered":"https:\/\/www.compagniedupassage.ch\/?page_id=2372"},"modified":"2022-09-28T11:08:16","modified_gmt":"2022-09-28T11:08:16","slug":"ca-veut-jouer-ou-bien","status":"publish","type":"page","link":"https:\/\/www.compagniedupassage.ch\/2022\/spectacles\/ca-veut-jouer-ou-bien\/","title":{"rendered":"\u00c7a veut jouer (ou bien?)"},"content":{"rendered":"\n<p>texte, jeu et mise en sc\u00e8ne <strong>Robert Bouvier<\/strong><\/p>\n\n\n\n<p>Bobby est un optimiste qui plane carr\u00e9ment! Sa confiance inalt\u00e9rable en sa bonne \u00e9toile lui r\u00e9serve pourtant d\u2019\u00e9tonnantes m\u00e9saventures\u2026<\/p>\n\n\n\n<p>Cuche et Barbezat le surnomment Gaston Lagaffe, Recrosio se demande \u00e0 quelles substances il carbure et Brigitte Rosset ne le prend plus au s\u00e9rieux depuis qu\u2019elle l\u2019a vu jouer un mouton! Robert Bouvier se raconte avec fac\u00e9tie et autod\u00e9rision en incarnant un directeur de th\u00e9\u00e2tre qui tente de faire patienter le public avant l\u2019entr\u00e9e en sc\u00e8ne de l\u2019artiste\u2026 De gaffes en lapsus, d\u2019oublis en fiascos, il campe un personnage lunaire qui croit dur comme fer \u00e0 la m\u00e9thode Cou\u00e9 ! Toute ressemblance avec des personnes existantes ou ayant exist\u00e9 est purement fortuite. Ou pas.<\/p>\n","protected":false},"excerpt":{"rendered":"<p>texte, jeu et mise en sc\u00e8ne Robert Bouvier Bobby est un optimiste qui plane carr\u00e9ment! Sa confiance inalt\u00e9rable en sa bonne \u00e9toile lui r\u00e9serve pourtant d\u2019\u00e9tonnantes m\u00e9saventures\u2026 Cuche et Barbezat le surnomment Gaston Lagaffe, Recrosio se demande \u00e0 quelles substances<span class=\"ellipsis\">&hellip;<\/span><\/p>\n<div class=\"read-more\"><a href=\"https:\/\/www.compagniedupassage.ch\/2022\/spectacles\/ca-veut-jouer-ou-bien\/\">Lire la suite &#8250;<\/a><\/div>\n<p><!-- end of .read-more --><\/p>\n","protected":false},"author":10,"featured_media":0,"parent":320,"menu_order":0,"comment_status":"closed","ping_status":"closed","template":"","meta":{"ngg_post_thumbnail":0,"footnotes":"","_links_to":"","_links_to_target":""},"class_list":["post-2372","page","type-page","status-publish","hentry"],"_links":{"self":[{"href":"https:\/\/www.compagniedupassage.ch\/2022\/wp-json\/wp\/v2\/pages\/2372","targetHints":{"allow":["GET"]}}],"collection":[{"href":"https:\/\/www.compagniedupassage.ch\/2022\/wp-json\/wp\/v2\/pages"}],"about":[{"href":"https:\/\/www.compagniedupassage.ch\/2022\/wp-json\/wp\/v2\/types\/page"}],"author":[{"embeddable":true,"href":"https:\/\/www.compagniedupassage.ch\/2022\/wp-json\/wp\/v2\/users\/10"}],"replies":[{"embeddable":true,"href":"https:\/\/www.compagniedupassage.ch\/2022\/wp-json\/wp\/v2\/comments?post=2372"}],"version-history":[{"count":3,"href":"https:\/\/www.compagniedupassage.ch\/2022\/wp-json\/wp\/v2\/pages\/2372\/revisions"}],"predecessor-version":[{"id":2380,"href":"https:\/\/www.compagniedupassage.ch\/2022\/wp-json\/wp\/v2\/pages\/2372\/revisions\/2380"}],"up":[{"embeddable":true,"href":"https:\/\/www.compagniedupassage.ch\/2022\/wp-json\/wp\/v2\/pages\/320"}],"wp:attachment":[{"href":"https:\/\/www.compagniedupassage.ch\/2022\/wp-json\/wp\/v2\/media?parent=2372"}],"curies":[{"name":"wp","href":"https:\/\/api.w.org\/{rel}","templated":true}]}}