{"id":2269,"date":"2021-10-04T09:22:04","date_gmt":"2021-10-04T09:22:04","guid":{"rendered":"https:\/\/www.compagniedupassage.ch\/?page_id=2269"},"modified":"2021-12-29T16:48:17","modified_gmt":"2021-12-29T16:48:17","slug":"les-merveilles","status":"publish","type":"page","link":"https:\/\/www.compagniedupassage.ch\/2022\/spectacles\/les-merveilles\/","title":{"rendered":"Les merveilles"},"content":{"rendered":"\n<p>conception et mise en sc\u00e8ne <strong>Robert Bouvier<\/strong><\/p>\n<p>Un spectacle kal\u00e9idoscope o\u00f9 l\u2019on plonge dans le tourbillon d\u2019\u00e9motions qui assaillit un com\u00e9dien avant son entr\u00e9e en sc\u00e8ne. La dilation d\u2019une seconde de trac, d\u2019espoir, de d\u00e9lice, d\u2019impuissance, de renaissance. On bascule d\u2019une sc\u00e8ne de <em>Ruy Blas<\/em> au vibrant plaidoyer d\u2019un machiniste pour l\u2019Espagne, d\u2019une r\u00e9alit\u00e9 \u00e0 un fantasme, d\u2019un cauchemar \u00e0 une r\u00eaverie ! Dans cet instant o\u00f9 tout se d\u00e9robe, o\u00f9 l\u2019on perd toutes les certitudes, et o\u00f9 l\u2019on s\u2019appr\u00eate \u00e0 se jeter dans le vide se manifestent toutes les obsessions conscientes et inconscientes de la personnalit\u00e9 des artistes, des souvenirs et d\u2019\u00e9tranges projections. Un d\u00e9rapage contr\u00f4l\u00e9 se jouant du temps et de l\u2019espace avec l\u00e9g\u00e8ret\u00e9 et humour, oscillant entre profession de foi et divertissement, et ponctu\u00e9 de plusieurs \u00e9chapp\u00e9es musicales.<\/p>\n<p><a href=\"https:\/\/canalalpha.ch\/play\/le-journal\/topic\/24609\/le-theatre-du-passage-fete-ses-20-ans-plus-un\">REPORTAGE LES MERVEILLES SUR CANAL ALPHA<\/a><\/p>\n<h6>Photos\u00a0<strong>\u00a9 Ariane Catton<\/strong><\/h6>\nngg_shortcode_0_placeholder\n","protected":false},"excerpt":{"rendered":"","protected":false},"author":10,"featured_media":0,"parent":320,"menu_order":0,"comment_status":"closed","ping_status":"closed","template":"","meta":{"ngg_post_thumbnail":0,"footnotes":"","_links_to":"","_links_to_target":""},"class_list":["post-2269","page","type-page","status-publish","hentry"],"_links":{"self":[{"href":"https:\/\/www.compagniedupassage.ch\/2022\/wp-json\/wp\/v2\/pages\/2269","targetHints":{"allow":["GET"]}}],"collection":[{"href":"https:\/\/www.compagniedupassage.ch\/2022\/wp-json\/wp\/v2\/pages"}],"about":[{"href":"https:\/\/www.compagniedupassage.ch\/2022\/wp-json\/wp\/v2\/types\/page"}],"author":[{"embeddable":true,"href":"https:\/\/www.compagniedupassage.ch\/2022\/wp-json\/wp\/v2\/users\/10"}],"replies":[{"embeddable":true,"href":"https:\/\/www.compagniedupassage.ch\/2022\/wp-json\/wp\/v2\/comments?post=2269"}],"version-history":[{"count":6,"href":"https:\/\/www.compagniedupassage.ch\/2022\/wp-json\/wp\/v2\/pages\/2269\/revisions"}],"predecessor-version":[{"id":2310,"href":"https:\/\/www.compagniedupassage.ch\/2022\/wp-json\/wp\/v2\/pages\/2269\/revisions\/2310"}],"up":[{"embeddable":true,"href":"https:\/\/www.compagniedupassage.ch\/2022\/wp-json\/wp\/v2\/pages\/320"}],"wp:attachment":[{"href":"https:\/\/www.compagniedupassage.ch\/2022\/wp-json\/wp\/v2\/media?parent=2269"}],"curies":[{"name":"wp","href":"https:\/\/api.w.org\/{rel}","templated":true}]}}