{"id":21,"date":"2012-05-31T14:03:48","date_gmt":"2012-05-31T14:03:48","guid":{"rendered":"http:\/\/www.compagniedupassage.ch\/nouveau\/?page_id=21"},"modified":"2022-08-19T14:18:18","modified_gmt":"2022-08-19T14:18:18","slug":"cinq-hommes","status":"publish","type":"page","link":"https:\/\/www.compagniedupassage.ch\/2022\/spectacles\/cinq-hommes\/","title":{"rendered":"Cinq hommes"},"content":{"rendered":"<p style=\"text-align: justify;\">de&nbsp;<strong>Daniel Keene,&nbsp;<\/strong>mise en sc\u00e8ne&nbsp;<strong>Robert Bouvier<\/strong><\/p>\n<p style=\"text-align: justify;\">Comme tant d&rsquo;autres clandestins, ces cinq-l\u00e0 ont quitt\u00e9 leur famille, leur pays en qu\u00eate de chantiers o\u00f9 l\u2019on accepte ceux qui n\u2019ont pas de permis de travail pourvu qu\u2019ils se soumettent aux conditions impos\u00e9es, comme loger \u00e0 cinq dans le m\u00eame baraquement. Et tant pis si leurs origines ou leurs religions peuvent les opposer. Pour le patron, ils sont tous pareils, des d\u00e9racin\u00e9s, pr\u00eats \u00e0 tout pour travailler. Travailler pour nourrir sa famille, travailler pour oublier la mort d\u2019un enfant, la guerre, la prison, ou celle \u00e0 qui on n\u2019a pas os\u00e9 dire \u00abje t\u2019aime\u00bb, travailler parce que\u2026 sinon qui je suis?<\/p>\n<p style=\"text-align: justify;\">Daniel Keene donne la parole \u00e0 des personnages que parfois le cin\u00e9ma repr\u00e9sente mais rarement le th\u00e9\u00e2tre. Et cette parole n\u2019a rien d\u2019un bavardage trivial, elle leur est fid\u00e8le dans leur plus intime v\u00e9rit\u00e9 avec une singuli\u00e8re dignit\u00e9. Lyrique, surprenante ou cocasse, elle dit toute une humanit\u00e9 d\u00e9sempar\u00e9e qui essaie avec ses armes de comprendre \u00e0 quoi \u00e7a rime, cette vie. On \u00e9voque les Rolling Stones et Mozart, on jure contre le camion en panne, on se souvient d\u2019un po\u00e8me de Villon ou d\u2019un psaume. On r\u00eave de changer l\u2019Histoire ou au moins sa propre histoire, on apprend \u00e0 se conna\u00eetre un peu mieux les uns les autres et \u00e0 se d\u00e9couvrir soi-m\u00eame.<\/p>\n<p style=\"text-align: justify;\">ngg_shortcode_0_placeholder<\/p>\n<h6>REVUE DE PRESSE<\/h6>\n<p><em>\u00abLe spectacle est d\u2019une puissance t\u00e9tanisante. Le m\u00e9rite en revient \u00e0 la traduction tr\u00e8s pertinente de S\u00e9verine Magois et aux com\u00e9diens d\u2019origine les plus diverses dont l\u2019\u00e9motion \u00e0 vif, les empoignades et les incompr\u00e9hensions mutuelles sont d\u2019une poignante cr\u00e9dibilit\u00e9.\u00bb<\/em>&nbsp;<strong><em>T\u00e9l\u00e9rama<\/em><\/strong><\/p>\n<p><em>\u00abUn moment de th\u00e9\u00e2tre puissant, avec un r\u00e9alisme parfois violent, mais d\u2019o\u00f9 surgit, par instants, une po\u00e9sie qui fait croire \u00e0 la fraternit\u00e9.\u00bb&nbsp;&nbsp;<strong>Marianne<\/strong><\/em><\/p>\n<p><em>\u00abUn spectacle aussi esth\u00e9tiquement r\u00e9ussi que politiquement indispensable!<em>\u00bb&nbsp;<\/em><\/em><strong><em>La Terrasse<\/em><\/strong><\/p>\n<h6>TOURNEES 2006-2022<\/h6>\n<p><strong>156 repr\u00e9sentations<\/strong><\/p>\n<p><strong>2006<\/strong><br>Neuch\u00e2tel (CH) \u2013 Th\u00e9\u00e2tre du Passage<br>La Chaux-de-Fonds (CH) \u2013<br>Th\u00e9\u00e2tre Populaire Romand<br>Gen\u00e8ve (CH) \u2013 Th\u00e9\u00e2tre Le Poche<\/p>\n<p><strong>2007<\/strong><br>Lomme (F) \u2013 Th\u00e9\u00e2tre Les Tisserands<br>Lausanne (CH) \u2013 La Grange de Dorigny<br>Lyon (F) \u2013 Th\u00e9\u00e2tre Les Ateliers<\/p>\n<p><strong>2008<\/strong><br>Bienne (CH) \u2013 Th\u00e9\u00e2tre Palace<br>Pontarlier (F) \u2013 Th\u00e9\u00e2tre Bernard Blier<br>Vevey (CH) \u2013 Th\u00e9\u00e2tre municipal<br>Romans-sur-Is\u00e8re (F) \u2013 Salle Jean Vilar<br>Montlu\u00e7on (F) \u2013 CDN Le Festin<br>Montpellier (F) \u2013 Th\u00e9\u00e2tre des Treize Vents<br>B\u00e9ziers (F) \u2013 Sortie Ouest<br>Sion (CH) \u2013 Th\u00e9\u00e2tre de Val\u00e8re<br>Bulle (CH) \u2013 CO2<br>Lausanne (CH) \u2013 Espace culturel des Terreaux<br>Paris (F) \u2013 Th\u00e9\u00e2tre de la Temp\u00eate<br>Avranches (F) \u2013 Salle Victor Hugo<br>Carentan (F) \u2013 Th\u00e9\u00e2tre municipal<br>La Glacerie (F) \u2013 Th\u00e9\u00e2tre des Miroirs<br>St-L\u00f4 (F) \u2013 Th\u00e9\u00e2tre Roger Ferdinand<br>Lausanne (CH) \u2013 Festival de la Cit\u00e9<\/p>\n<p><strong>2009<\/strong><br>Rungis (F) \u2013 Th\u00e9\u00e2tre municipal<br>Bagneux (F) \u2013 Th\u00e9\u00e2tre Vicor Hugo<br>Rambouillet (F) \u2013 Th\u00e9\u00e2tre Le Nickel<\/p>\n<p><strong>2010<\/strong><br>Villars-sur-Gl\u00e2ne (CH) \u2013 Nuithonie<br>Tarbes (F) \u2013 Sc\u00e8ne nationale Le Parvis<br>Valenciennes (F) \u2013 Sc\u00e8ne nationale Le Ph\u00e9nix<br>Avenches (CH) \u2013 Th\u00e9\u00e2tre du Ch\u00e2teau<\/p>\n<p><strong>2022<br><\/strong>Gen\u00e8ve (CH) \u2013 Th\u00e9\u00e2tre du Loup<br>Neuch\u00e2tel (CH) \u2013 Th\u00e9\u00e2tre du Passage<br>Del\u00e9mont (CH) \u2013 Th\u00e9\u00e2tre du Jura<\/p>\n\n","protected":false},"excerpt":{"rendered":"<p>Comme tant d&rsquo;autres clandestins, ces cinq-l\u00e0 ont quitt\u00e9 leur famille, leur pays en qu\u00eate de chantiers o\u00f9 l\u2019on accepte ceux qui n\u2019ont pas de permis de travail pourvu qu\u2019ils se soumettent aux conditions impos\u00e9es, comme loger \u00e0 cinq dans le m\u00eame baraquement&#8230;<\/p>\n<div class=\"read-more\"><a href=\"https:\/\/www.compagniedupassage.ch\/2022\/spectacles\/cinq-hommes\/\">Lire la suite &#8250;<\/a><\/div>\n<p><!-- end of .read-more --><\/p>\n","protected":false},"author":9,"featured_media":1168,"parent":320,"menu_order":30,"comment_status":"closed","ping_status":"closed","template":"","meta":{"ngg_post_thumbnail":0,"footnotes":"","_links_to":"","_links_to_target":""},"class_list":["post-21","page","type-page","status-publish","has-post-thumbnail","hentry"],"_links":{"self":[{"href":"https:\/\/www.compagniedupassage.ch\/2022\/wp-json\/wp\/v2\/pages\/21","targetHints":{"allow":["GET"]}}],"collection":[{"href":"https:\/\/www.compagniedupassage.ch\/2022\/wp-json\/wp\/v2\/pages"}],"about":[{"href":"https:\/\/www.compagniedupassage.ch\/2022\/wp-json\/wp\/v2\/types\/page"}],"author":[{"embeddable":true,"href":"https:\/\/www.compagniedupassage.ch\/2022\/wp-json\/wp\/v2\/users\/9"}],"replies":[{"embeddable":true,"href":"https:\/\/www.compagniedupassage.ch\/2022\/wp-json\/wp\/v2\/comments?post=21"}],"version-history":[{"count":23,"href":"https:\/\/www.compagniedupassage.ch\/2022\/wp-json\/wp\/v2\/pages\/21\/revisions"}],"predecessor-version":[{"id":2361,"href":"https:\/\/www.compagniedupassage.ch\/2022\/wp-json\/wp\/v2\/pages\/21\/revisions\/2361"}],"up":[{"embeddable":true,"href":"https:\/\/www.compagniedupassage.ch\/2022\/wp-json\/wp\/v2\/pages\/320"}],"wp:featuredmedia":[{"embeddable":true,"href":"https:\/\/www.compagniedupassage.ch\/2022\/wp-json\/wp\/v2\/media\/1168"}],"wp:attachment":[{"href":"https:\/\/www.compagniedupassage.ch\/2022\/wp-json\/wp\/v2\/media?parent=21"}],"curies":[{"name":"wp","href":"https:\/\/api.w.org\/{rel}","templated":true}]}}