{"id":2027,"date":"2019-03-25T09:57:06","date_gmt":"2019-03-25T09:57:06","guid":{"rendered":"http:\/\/www.compagniedupassage.ch\/?page_id=2027"},"modified":"2021-08-17T08:00:24","modified_gmt":"2021-08-17T08:00:24","slug":"nous-leurope","status":"publish","type":"page","link":"https:\/\/www.compagniedupassage.ch\/2022\/spectacles\/nous-leurope\/","title":{"rendered":"Nous, l&rsquo;Europe"},"content":{"rendered":"<h4>Banquet des peuples<\/h4>\n<p>texte&nbsp;<strong>Laurent Gaud\u00e9<br \/>\n<\/strong>conception, mise en sc\u00e8ne&nbsp;<strong>Roland Auzet<\/strong><\/p>\n<p>Le r\u00eave europ\u00e9en a besoin de d\u00e9sir.<br \/>\nIl mourra s\u2019il n\u2019est plus qu\u2019une liste s\u00e8che de l\u00e9gislations, de normes et d\u2019\u00e9changes commerciaux.<br \/>\nLe r\u00eave europ\u00e9en a besoin d\u2019un sentiment d\u2019appartenance. Il a des habitants, mais il est grand temps qu\u2019il ait des citoyens. Pour se faire, j\u2019en suis convaincu, il a besoin d\u2019un r\u00e9cit.<br \/>\nConstruire le r\u00e9cit europ\u00e9en. Voil\u00e0 un enjeu d\u2019\u00e9criture pour ceux de ma g\u00e9n\u00e9ration. Il est temps de commencer \u00e0 raconter notre propre histoire non pas du point de vue de la France en Europe ou de l\u2019Allemagne en Europe, mais en embrassant sans cesse du regard le territoire europ\u00e9en dans toute sa grandeur.<br \/>\nJe voudrais un long po\u00e8me.<br \/>\nQui d\u00e9marrerait peut-\u00eatre avec les Guerres de religion, ou durant la premi\u00e8re vague de colonisation. Ou dans les tranch\u00e9es de la Premi\u00e8re Guerre Mondiale, qui sait\u2026 mais qui ne cesserait de parler aussi de ce que nous traversons aujourd\u2019hui. Il ne s\u2019agit pas de faire un po\u00e8me historique mais de dire le chant des convulsions, des heures sombres et des trou\u00e9es de lumi\u00e8res.<br \/>\nSi souvent, l\u2019Europe n\u2019a \u00e9t\u00e9 qu\u2019un territoire de comp\u00e9tition entre les nations.<br \/>\nSi souvent le lieu de guerres, de conflits.<br \/>\nSi souvent champ de bataille et champ de ruines.<br \/>\nAujourd\u2019hui nous h\u00e9ritons de cette construction europ\u00e9enne et il est peut-\u00eatre temps de se souvenir qu\u2019elle porte en elle, depuis le premier jour, une part belle d\u2019utopie. Au fond, ce pourrait \u00eatre cela, le sens du projet : \u00e9crire un long po\u00e8me pour dire ce que nous voulons \u00eatre.<\/p>\n<p><strong>Laurent Gaud\u00e9<\/strong><\/p>\nngg_shortcode_0_placeholder\n<h6><strong>Extraits de presse<\/strong><\/h6>\n<p><strong>ARTE TV<\/strong><br \/>\n<a href=\"https:\/\/www.arte.tv\/fr\/videos\/091211-000-A\/avignon-les-identites-europeennes-sur-scene\/\" target=\"_blank\" rel=\"noopener noreferrer\">https:\/\/www.arte.tv\/fr\/videos\/091211-000-A\/avignon-les-identites-europeennes-sur-scene\/<\/a><\/p>\n<p><em>Triomphe. Le spectacle a fait se lever le public comme un seul homme. Un texte, un vrai, superbe, lyrique sans \u00eatre pompeux. Une mise en sc\u00e8ne ample, g\u00e9n\u00e9reuse, sophistiqu\u00e9e. Un ensemble de com\u00e9diens, performeurs, chanteurs et danseurs au talent fou, d\u2019une pr\u00e9sence et d\u2019une intensit\u00e9 exceptionnelles.<\/em><br \/>\n<strong>LE MONDE<\/strong>, Fabienne Darge, 09.07.2019<\/p>\n<p><em>Superbement mis en sc\u00e8ne, \u00ab Nous, l\u2019Europe \u00bb galvanise le public. Roland Auzet signe l\u00e0 un spectacle magistral. Il a cette chance: ses com\u00e9diens sont vifs et pr\u00e9cis comme des boxeurs poids plumes.&nbsp;<\/em><br \/>\n<strong>LE TEMPS (CH)<\/strong>, Alexandre Demidoff, 08.07.2019<\/p>\n<p><em>L\u2019une des r\u00e9ussites les plus enthousiasmantes de ce d\u00e9but de festival, applaudie \u00e0 tout rompre par une audience \u00e9lectris\u00e9e.<\/em><br \/>\n<strong>La CROIX<\/strong>, Jeanne Ferney, 08.07.2019<\/p>\n<p><i><em>On n&rsquo;aura rien dit sans dire l&rsquo;audace du spectacle qui redouble et prend tout son sens dans le choral des voix et le ballet incessant des corps. Roland Auzet aura fait une merveille.<\/em><br \/>\n<\/i><strong>L&rsquo;HUMANIT\u00c9<\/strong>, Charles Silvestre, 15.07.2019<\/p>\n<p><i><em>Un spectacle festif, une Europe joyeuse. Roland Auzet propose un spectacle sur l&rsquo;Europe qui \u00e9vite avec talent l&rsquo;ennui et les poncifs qu&rsquo;inspirent trop souvent ce sujet.<\/em><br \/>\n<\/i><strong>THEATRAL MAGAZINE<\/strong>, Eric Dausset, 12.07.2019<\/p>\n<p><i>Un banquet, non? Non, un festin. Un bouquet d&rsquo;intelligence, de r\u00e9flexions, de questions pertinentes. De cette cr\u00e9ation, v\u00e9ritable p\u00e9pite, germeront \u00e0 coup s\u00fbr de nombreuses interrogations, et des \u00e9nergies n\u00e9cessaires \u00e0 soulever les montagnes et \u00e0 calmer les fleuves temp\u00e9tueux de l&rsquo;\u00e9poque.<br \/>\n<\/i><strong>LE DAUPHIN\u00c9 LIBER\u00c9<\/strong>, Anny Avier et Violeta Assier-Lukic, 07.2019<\/p>\n<p><em>Allers-retours historiques, sc\u00e8nes collectives ou intimistes, hard-rock jou\u00e9 en live, danse, choeurs d&rsquo;adultes et d\u2019enfants\u2026 On est emport\u00e9s dans un tourbillon de r\u00e9flexions, d\u2019interrogations, de col\u00e8res vivifiantes, transmises par onze com\u00e9diens \u00e0 la belle pr\u00e9sence et de toutes nationalit\u00e9s\u2026 europ\u00e9ennes.<\/em><br \/>\n<strong>FRANCE INFO<\/strong>, Sophie Jouve, 08.07.2019<\/p>\n<p><em>C&rsquo;est en assumant d&rsquo;o\u00f9 l&rsquo;Europe vient, toutes les atrocit\u00e9s dont elle a \u00e9t\u00e9 porteuse, que l&rsquo;on peut r\u00e9solument \u00ab\u00a0d\u00e9sirer\u00a0\u00bb une Europe r\u00e9pondant aux valeurs qu&rsquo;elle a trop souvent bafou\u00e9es. C&rsquo;est l\u00e0, \u00e0 l&rsquo;endroit m\u00eame des sensations procur\u00e9es par cet objet polyphonique convoquant t\u00e9moignage, op\u00e9ra, happening, th\u00e9\u00e2tre total, que s&rsquo;ouvre le champ de la r\u00e9flexion.<br \/>\n<\/em><strong>LA REVUE DU SPECTACLE.FR<\/strong>, Yves Kafka, 08.07.2019<\/p>\n<p>\u00ab&nbsp;Du vrai th\u00e9\u00e2tre, incarn\u00e9, survolt\u00e9 parfois, percutant toujours (\u2026)&nbsp;En route vers l\u2019impossible, <em>Nous, l\u2019Europe<\/em> a le souffle des odyss\u00e9es, port\u00e9 par des com\u00e9diens en \u00e9tat d\u2019urgence&nbsp;: ils replacent le projet europ\u00e9en dans les dimensions qui devraient rester les siennes, amples, ambitieuses, g\u00e9n\u00e9reuses.\u00bb<br \/>\n<strong>LE MATIN DIMANCHE<\/strong>, J.-J. Roth, 19.01.20<\/p>\n<p>\u00ab&nbsp;Le po\u00e8me fleuve de Laurent Gaud\u00e9 attise les curiosit\u00e9s. Comme un besoin de sentir le souffle des d\u00e9buts, les pav\u00e9s de 1848, les roses pourpres des peuples en col\u00e8re qui, selon l\u2019\u00e9crivain, fondent l\u2019utopie&nbsp;; comme une impatience de comprendre le fiasco, ce d\u00e9samour dont est l\u2019objet l\u2019Union europ\u00e9enne.&nbsp;\u00bb<br \/>\n<strong>LE TEMPS<\/strong>, A. Demidoff, 18.01.20<\/p>\n<p>\u00ab&nbsp;Une histoire terriblement dense \u00e9crite \u00e0 coups de phrases cisel\u00e9es, percutantes, brillantes (\u2026) Ce n&rsquo;est pas tous les jours que l&rsquo;Europe d\u00e9cha\u00eene les foules, du moins celles du Th\u00e9\u00e2tre du Passage, debout et enthousiastes.\u00bb<br \/>\n<strong>ARC INFO<\/strong>, S. Winteler, 28.01.20<\/p>\n<h6>Tourn\u00e9e (2019-2020)<\/h6>\n<p><strong>41 repr\u00e9sentations<\/strong><\/p>\n<p><strong>2019<\/strong><\/p>\n<p>Avignon (F)&nbsp;&#8211; Festival IN, cour du Lyc\u00e9e Saint-Joseph<br \/>\nCh\u00e2teauvallon&nbsp;(F)&nbsp;&#8211; Sc\u00e8ne Nationale<br \/>\nAmiens&nbsp;(F) &#8211; Maison de la Culture<\/p>\n<p><strong>2020<\/strong><\/p>\n<p>Perpignan&nbsp;(F) &#8211; Th\u00e9\u00e2tre de l&rsquo;Archipel, Sc\u00e8ne Nationale<br \/>\nGrenoble (F)- MC2, Sc\u00e8ne Nationale<br \/>\nNeuch\u00e2tel (CH) &#8211; Th\u00e9\u00e2tre du Passage<br \/>\nBlagnac (F) &#8211; Odyssud<br \/>\nMontb\u00e9liard (F) &#8211; MA, Sc\u00e8ne Nationale<br \/>\nChoisy-le-Roi (F) &#8211;&nbsp;Sc\u00e8ne conventionn\u00e9e pour la diversit\u00e9 linguistique<br \/>\nTours (F) &#8211; CDN, Th\u00e9\u00e2tre Olympia<br \/>\nSt-Nazaire (F) &#8211; Sc\u00e8ne Nationale<br \/>\nTarbes (F) &#8211; Le Parvis<br \/>\nS\u00e8te (F) &#8211; Th\u00e9\u00e2tre Moli\u00e8re, Sc\u00e8ne Nationale (annul\u00e9)<br \/>\nS\u00e9nart (F) &#8211; Sc\u00e8ne Nationale (annul\u00e9)<br \/>\nBydgoszcz (PL) &#8211; Teatr Polski (annul\u00e9)<br \/>\nParis (F) &#8211; Th\u00e9\u00e2tre G\u00e9rard Philippe (annul\u00e9)<\/p>\n","protected":false},"excerpt":{"rendered":"<p>Banquet des peuples texte&nbsp;Laurent Gaud\u00e9 conception, mise en sc\u00e8ne&nbsp;Roland Auzet Le r\u00eave europ\u00e9en a besoin de d\u00e9sir. Il mourra s\u2019il n\u2019est plus qu\u2019une liste s\u00e8che de l\u00e9gislations, de normes et d\u2019\u00e9changes commerciaux. Le r\u00eave europ\u00e9en a besoin d\u2019un sentiment d\u2019appartenance.<span class=\"ellipsis\">&hellip;<\/span><\/p>\n<div class=\"read-more\"><a href=\"https:\/\/www.compagniedupassage.ch\/2022\/spectacles\/nous-leurope\/\">Lire la suite &#8250;<\/a><\/div>\n<p><!-- end of .read-more --><\/p>\n","protected":false},"author":9,"featured_media":2046,"parent":320,"menu_order":16,"comment_status":"closed","ping_status":"closed","template":"","meta":{"ngg_post_thumbnail":0,"footnotes":"","_links_to":"","_links_to_target":""},"class_list":["post-2027","page","type-page","status-publish","has-post-thumbnail","hentry"],"_links":{"self":[{"href":"https:\/\/www.compagniedupassage.ch\/2022\/wp-json\/wp\/v2\/pages\/2027","targetHints":{"allow":["GET"]}}],"collection":[{"href":"https:\/\/www.compagniedupassage.ch\/2022\/wp-json\/wp\/v2\/pages"}],"about":[{"href":"https:\/\/www.compagniedupassage.ch\/2022\/wp-json\/wp\/v2\/types\/page"}],"author":[{"embeddable":true,"href":"https:\/\/www.compagniedupassage.ch\/2022\/wp-json\/wp\/v2\/users\/9"}],"replies":[{"embeddable":true,"href":"https:\/\/www.compagniedupassage.ch\/2022\/wp-json\/wp\/v2\/comments?post=2027"}],"version-history":[{"count":19,"href":"https:\/\/www.compagniedupassage.ch\/2022\/wp-json\/wp\/v2\/pages\/2027\/revisions"}],"predecessor-version":[{"id":2173,"href":"https:\/\/www.compagniedupassage.ch\/2022\/wp-json\/wp\/v2\/pages\/2027\/revisions\/2173"}],"up":[{"embeddable":true,"href":"https:\/\/www.compagniedupassage.ch\/2022\/wp-json\/wp\/v2\/pages\/320"}],"wp:featuredmedia":[{"embeddable":true,"href":"https:\/\/www.compagniedupassage.ch\/2022\/wp-json\/wp\/v2\/media\/2046"}],"wp:attachment":[{"href":"https:\/\/www.compagniedupassage.ch\/2022\/wp-json\/wp\/v2\/media?parent=2027"}],"curies":[{"name":"wp","href":"https:\/\/api.w.org\/{rel}","templated":true}]}}