{"id":10,"date":"2012-05-31T12:00:11","date_gmt":"2012-05-31T12:00:11","guid":{"rendered":"http:\/\/www.compagniedupassage.ch\/nouveau\/?page_id=10"},"modified":"2022-09-09T12:34:20","modified_gmt":"2022-09-09T12:34:20","slug":"francois-dassise","status":"publish","type":"page","link":"https:\/\/www.compagniedupassage.ch\/2022\/spectacles\/francois-dassise\/","title":{"rendered":"Fran\u00e7ois d&rsquo;Assise"},"content":{"rendered":"<p style=\"text-align: justify;\">d\u2019apr\u00e8s\u00a0<strong>Joseph Delteil<\/strong>,\u00a0mise en sc\u00e8ne\u00a0<strong>Adel Hakim<\/strong><\/p>\n<p style=\"text-align: justify;\">Un spectacle qui donne corps et \u00e2me aux mots jubilatoires et sensuels de Joseph Delteil. Une presse enthousiaste et plus de quatre cent cinquante repr\u00e9sentations! Ici pas de pr\u00eache ni de message; juste un moment de vie, fou et joyeux, entre coups de foudre et r\u00e9voltes, un hymne \u00e0 la libert\u00e9, l\u2019histoire d\u2019un homme, tour \u00e0 tour po\u00e8te, guerrier, philosophe, amoureux, un \u00abfran\u00e7oisier qui ensainte les hommes\u00bb.<\/p>\n<p style=\"text-align: justify;\">\u00abJ\u2019ai appel\u00e9 ce texte Fran\u00e7ois d\u2019Assise et non pas Saint Fran\u00e7ois. Vous remarquerez que je tiens \u00e0 cette nuance. Je pr\u00e9tends toujours que tout homme, s\u2019il le veut, peut devenir Fran\u00e7ois d\u2019Assise, sans \u00eatre saint le moins du monde. J\u2019imagine tr\u00e8s bien un Fran\u00e7ois d\u2019Assise la\u00efque et m\u00eame ath\u00e9e, ce qui importe, c\u2019est l\u2019\u00e9tat d\u2019esprit fran\u00e7oisier et non pas sa place r\u00e9serv\u00e9e sur un fauteuil dor\u00e9 dans le paradis. Il faut un saint \u00abutilitaire\u00bb, un saint qui \u00abensainte\u00bb les hommes.\u00bb\u00a0<strong style=\"text-align: right;\">Joseph Delteil<\/strong><\/p>\n<p style=\"text-align: justify;\">ngg_shortcode_0_placeholder<\/p>\n<h6 style=\"text-align: justify;\">REVUE DE PRESSE<\/h6>\n<div class=\"\" data-block=\"true\" data-editor=\"aalf0\" data-offset-key=\"ebfp-0-0\">\n<div data-offset-key=\"ebfp-0-0\">\n<p>\u00ab Bouvier n\u2019interpr\u00e8te pas Fran\u00e7ois d\u2019Assise, il le multiplie pour partager ce juste moment de gr\u00e2ce avec le public. Une rencontre avec un fou de vivre !\u00bb<br \/>\nEvelyne Tran | <strong>Le Monde<\/strong><\/p>\n<p>\u00abBouvier surprend d\u2019abord et fascine ensuite: il donne corps aux mots flamboyants de Joseph Delteil. A cette po\u00e9sie concr\u00e8te et terrienne qui parle de la gr\u00e2ce, il fallait un com\u00e9dien physiquement pr\u00e9sent tout autant qu\u2019\u00e9vanescent. Bouvier joue sur les deux tableaux, \u00e0 l\u2019aise dans une mise en sc\u00e8ne p\u00e9tillante de libert\u00e9. Un r\u00e9gal.\u00bb<br \/>\nEmmanuelle Bouchez | <strong>T\u00e9l\u00e9rama<\/strong><\/p>\n<p>\u00abOn se damnerait pour une saintet\u00e9 ainsi interpr\u00e9t\u00e9e par un com\u00e9dien terrien qui sait garder la t\u00eate dans les \u00e9toiles. Sous la houlette l\u00e9g\u00e8re d\u2019Adel Hakim, une heure trente lumineuse, joyeuse.\u00bb<br \/>\nOdile Quirot | <strong>Le Nouvel Obs<\/strong><\/p>\n<p>\u00abUn acteur au sommet de son art : Bouvier est superbe de sensualit\u00e9 et de force.\u00bb<br \/>\nJean-Luc Jeener |<strong> Figaroscope<\/strong><\/p>\n<p>\u00abIl y a chez Bouvier une enfance jointe \u00e0 quelque chose d\u2019archa\u00efque et de neuf : c\u2019est ce m\u00e9lange de paradoxes qui s\u00e9duit dans ce spectacle o\u00f9 le saint d\u2019Assise est homme de ce monde plus qu\u2019homme de Dieu. Entre visible et invisible.\u00bb<br \/>\nLaurence Liban | <strong>L\u2019Express<\/strong><\/p>\n<p>\u00abBouvier tient son public. Il a l\u2019\u00e9nergie, la volont\u00e9. Le talent aussi. Il est un Fran\u00e7ois d\u2019Assise charnel, inspir\u00e9 et habit\u00e9. En un mot, lumineux. Ce qui retient aussi notre attention, c\u2019est l\u2019\u00e9l\u00e9gante mise en sc\u00e8ne d\u2019Adel Hakim.\u00bb<br \/>\nDimitri Denorme | <strong>Pariscope<\/strong><\/p>\n<p>\u00abUn texte incandescent d\u2019une rare actualit\u00e9, magnifiquement interpr\u00e9t\u00e9 par Robert Bouvier.\u00bb<br \/>\nJack Dion | <strong>Marianne<\/strong><\/p>\n<p>\u00abBouvier joue avec bonheur et une intensit\u00e9 remarquable sur les registres les plus divers. Une soir\u00e9e riche et enrichissante.\u00bb<br \/>\nAndr\u00e9 Laforgue | <strong>Le Parisien<\/strong><\/p>\n<p>\u00abUn moment de gr\u00e2ce avec l\u2019homme qui parlait aux oiseaux. C\u2019est joyeux et entra\u00eenant, c\u2019est pure po\u00e9sie d\u2019une langue merveilleusement moir\u00e9e.\u00bb<br \/>\nArmelle H\u00e9liot | <strong>Le Figaro<\/strong><\/p>\n<p>\u00abUn interpr\u00e8te d\u2019une sinc\u00e9rit\u00e9 fr\u00e9missante, tout \u00e0 fait remarquable. Un grand souffle, frais et contagieux.\u00bb<br \/>\nJean-Luc Berthet | <strong>Le Journal du Dimanche<\/strong><\/p>\n<p>\u00abC\u2019est beau et puissant. Il y a l\u00e0 une virilit\u00e9 de bon aloi, quelque chose comme l\u2019\u00e9clat douloureux de la jeunesse. Une proposition th\u00e9\u00e2trale grave et intelligente.\u00bb<br \/>\n<strong>Le Quotidien de Paris<\/strong><\/p>\n<p>\u00abUn acteur au sommet de son art : Bouvier est superbe de sensualit\u00e9 et de force.\u00bb<br \/>\nJean-Luc Jeener | <strong>Figaroscope<\/strong><\/p>\n<p>\u00abUne joie sauvage et pa\u00efenne de la vie, une gourmandise imp\u00e9tueuse, un bonheur!\u00bb<br \/>\nGilles Costaz | <strong>Sc\u00e8nes magazine<\/strong><\/p>\n<p>\u00abUn spectacle ph\u00e9nom\u00e8ne, une r\u00e9ussite \u00e0 tous \u00e9gards.\u00bb<br \/>\nSolange L\u00e9vesque | <strong>Le Devoir<\/strong> (Canada)<\/p>\n<\/div>\n<\/div>\n<p>\u00abRobert Bouvier donne une vie toujours renouvel\u00e9e \u00e0 la mise en sc\u00e8ne d\u2019Adel Hakim fond\u00e9e sur les contrastes et la qu\u00eate de l\u2019harmonie. La voix de l\u2019acteur est magnifique. Bouvier malaxe le texte comme le boulanger brasse sa p\u00e2te. On est l\u00e0 bien au-del\u00e0 du juste hommage rendu \u00e0 un grand \u00e9crivain trop oubli\u00e9, Delteil. C\u2019est un moment moderne du th\u00e9\u00e2tre qui s\u2019appuie sur les modes de la trag\u00e9die antique et du myst\u00e8re m\u00e9di\u00e9val pour leur voler leur force de catapulte.\u00bb<em><br \/>\n<\/em>Gilles Costaz |\u00a0<strong>Webtheatre (F)\u00a0<\/strong><\/p>\n<p>\u00abUne cure de jouvence gr\u00e2ce \u00e0 la po\u00e9sie \u00e9ternelle. Robert Bouvier est autant Fran\u00e7ois qu\u2019un l\u00e9preux ou Claire. Il devient oiseau, vache ou \u00e2ne avec l\u2019app\u00e9tit des innocents, confiant dans la magie de la po\u00e9sie qui, de fait, op\u00e8re. Que bel hommage au verbe fulgurant que ce don total\u00a0!\u00bb<br \/>\nM.-P. Genecand | <strong>Le Temps (CH)<\/strong><\/p>\n<h6>TOURNEES 1994-2021<\/h6>\n<p><strong>480 repr\u00e9sentations<\/strong><\/p>\n<p><strong>1994<\/strong><br \/>\nGen\u00e8ve (CH) \u2013 Th\u00e9\u00e2tre St-Gervais<br \/>\nLausanne (CH) \u2013 Th\u00e9\u00e2tre Vidy E.T.E.<br \/>\nParis (F) \u2013 Centre culturel suisse<br \/>\nNeuch\u00e2tel (CH) \u2013 Th\u00e9\u00e2tre municipal<br \/>\nLa Chaux-de-Fonds (CH) \u2013 Temple Allemand<br \/>\nLe Revest-les-Eaux (F) \u2013 Maison des Comoni<\/p>\n<p><strong>1995<\/strong><br \/>\nBulle (CH) \u2013 H\u00f4tel de Ville<br \/>\nIstres (F) \u2013 Th\u00e9\u00e2tre de l\u2019Olivier<br \/>\nMarseille (F) \u2013 Th\u00e9\u00e2tre de Lenche<br \/>\nChatou (F) \u2013 Centre culturel Jacques Catinat<br \/>\nStrasbourg (F) \u2013 Th\u00e9\u00e2tre Jeune Public<br \/>\nCh\u00e2teauroux (F) \u2013 Equinoxe<br \/>\nCorbeil (F) \u2013 Th\u00e9\u00e2tre du Campagnol<br \/>\nOrange (F) \u2013 Le Hangar<br \/>\nMeylan (F) \u2013 L\u2019Hexagone<br \/>\nPontarlier (F) \u2013 Th\u00e9\u00e2tre du Lavoir<br \/>\nMorteau (F) \u2013 Th\u00e9\u00e2tre municipal<br \/>\nSt-Maurice (CH) \u2013 Coll\u00e8ge<br \/>\nDel\u00e9mont (CH) \u2013 Centre culturel<br \/>\nPorrentruy (CH) \u2013 Centre culturel<br \/>\nSt-Brais (CH) \u2013 Salle communale<br \/>\nFribourg (CH) \u2013 Universit\u00e9<br \/>\nAvenches (CH) \u2013 Th\u00e9\u00e2tre du Ch\u00e2teau<br \/>\nParis (F) \u2013 Th\u00e9\u00e2tre du Petit Montparnasse<br \/>\nRungis (F) \u2013 Th\u00e9\u00e2tre municipal<\/p>\n<p><strong>1996<\/strong><br \/>\nAnnecy (F) \u2013 Sc\u00e8ne Nationale Bonlieu<br \/>\nIvry-sur-Seine (F) \u2013 Th\u00e9\u00e2tre des Quartiers d\u2019Ivry<br \/>\nGen\u00e8ve (CH) \u2013 Th\u00e9\u00e2tre St-Gervais<\/p>\n<p><strong>1997<\/strong><br \/>\nMontr\u00e9al (CA) \u2013 Th\u00e9\u00e2tre Prospero<br \/>\nCombs-la-Ville (F) \u2013 Sc\u00e8ne Nationale<br \/>\nLe Mans (F) \u2013 Th\u00e9\u00e2tre municipal<\/p>\n<p><strong>1998<\/strong><br \/>\nVevey (CH) \u2013 Th\u00e9\u00e2tre municipal<br \/>\nSt-Maurice (CH) \u2013 Th\u00e9\u00e2tre du Martolet<\/p>\n<p><strong>2002<\/strong><br \/>\nNeuch\u00e2tel (CH) \u2013 Th\u00e9\u00e2tre du Passage<br \/>\nLa Chaux-de-Fonds (CH) \u2013Th\u00e9\u00e2tre Populaire Romand<br \/>\nCh\u00e2teauroux (F) \u2013 Nouveau Th\u00e9\u00e2tre de Belle-Isle<br \/>\nAngoul\u00eame (F) \u2013 Th\u00e9\u00e2tre municipal<br \/>\nSion (CH) \u2013 Th\u00e9\u00e2tre de Val\u00e8re<br \/>\nBienne (CH) \u2013 Th\u00e9\u00e2tre Palace<br \/>\nFribourg (CH) \u2013 Espace Moncor<br \/>\nGen\u00e8ve (CH) \u2013 Th\u00e9\u00e2tre du Gr\u00fctli<\/p>\n<p><strong>2003<\/strong><br \/>\nLe Mans (F) \u2013 Th\u00e9\u00e2tre L\u2019Espal<br \/>\nMeyrin (CH) \u2013 Th\u00e9\u00e2tre Forum Meyrin<br \/>\nLyon (F) \u2013 Th\u00e9\u00e2tre Les Ateliers<\/p>\n<p><strong>2004<\/strong><br \/>\nTh\u00f4nex (F) \u2013 Th\u00e9\u00e2tre municipal<br \/>\nTarbes (F) \u2013 Sc\u00e8ne Nationale Le Parvis<\/p>\n<p><strong>2005<\/strong><br \/>\nSt-L\u00f4 (F) \u2013 Th\u00e9\u00e2tre Roger Ferdinand<\/p>\n<p><strong>2006<\/strong><br \/>\nLe Locle (CH) \u2013 Casino<br \/>\nAvignon (F) \u2013 Th\u00e9\u00e2tre Les Halles<br \/>\nNeuch\u00e2tel (CH) \u2013 Th\u00e9\u00e2tre du Passage<\/p>\n<p><strong>2007<\/strong><br \/>\nLausanne (CH) \u2013 Espace culturel des Terreaux<br \/>\nSt-Maurice (CH) \u2013 Th\u00e9\u00e2tre du Martolet<br \/>\nAntony (F) \u2013 Th\u00e9\u00e2tre Firmin-G\u00e9mier<br \/>\nDivonne-les-Bains (F) \u2013 Esplanade du Lac<\/p>\n<p><strong>2008<\/strong><br \/>\nYverdon-les-Bains (CH) \u2013 Th\u00e9\u00e2tre Benno Besson<br \/>\nStrasbourg (F) \u2013 Les TAPS<br \/>\nSt-Dizier (F) \u2013 Salle Louis Aragon<br \/>\nLomme (F) \u2013 Th\u00e9\u00e2tre Les Tisserands<br \/>\nSt-Rapha\u00ebl (F) \u2013 Palais des Congr\u00e8s<br \/>\nGrasse (F) \u2013 Th\u00e9\u00e2tre municipal<br \/>\nGap (F) \u2013 Th\u00e9\u00e2tre La Passerelle<br \/>\nWinterthur (CH) \u2013 Stadttheater<\/p>\n<p><strong>2009<\/strong><br \/>\nMontpellier (F) \u2013 Th\u00e9\u00e2tre des Treize Vents<br \/>\nLyon (F) \u2013 Th\u00e9\u00e2tre Les Ateliers<\/p>\n<p><strong>2010<\/strong><br \/>\nLausanne (CH) \u2013 \u00c9glise St-Paul<br \/>\nParis (F) \u2013 Th\u00e9\u00e2tre Artistic Ath\u00e9vains<\/p>\n<p><strong>2011<\/strong><br \/>\nBesan\u00e7on (F) \u2013 Th\u00e9\u00e2tre de la Clairi\u00e8re<\/p>\n<p><strong>2012<\/strong><br \/>\nLausanne (CH) \u2013 \u00c9glise St-Fran\u00e7ois<br \/>\nTreyvaux (CH) \u2013 Th\u00e9\u00e2tre de l\u2019Arbanel<br \/>\nNarbonne (F) \u2013 Sc\u00e8ne Nationale<br \/>\nMulhouse (F) \u2013 Sc\u00e8ne Nationale La Filature<br \/>\nBellinzona (CH) \u2013 Teatro sociale<\/p>\n<p><strong>2013<\/strong><br \/>\nVillars-sur-Gl\u00e2ne (CH) \u2013 Nuithonie<\/p>\n<p><strong>2014<\/strong><br \/>\nLausanne (CH) \u2013 Th\u00e9\u00e2tre Vidy E.T.E.<br \/>\nTours (F) \u2013 CDR Nouvel Olympia<br \/>\nRouen (F) \u2013 CDR Th\u00e9\u00e2tre des Deux Rives<br \/>\nAjaccio (F) \u2013 Th\u00e9\u00e2tre Point<\/p>\n<p><strong>2015<\/strong><br \/>\nGuadeloupe (F) \u2013 L\u2019Artchipel<\/p>\n<p><strong>2016<\/strong><br \/>\nNeuch\u00e2tel (CH) \u2013 Th\u00e9\u00e2tre du Passage<br \/>\nDel\u00e9mont (CH) \u2013 Salle St-Georges<br \/>\nVarcoas (ILE MAURICE) \u2013 Th\u00e9\u00e2tre Serge Constantin<br \/>\nGrabels (F) \u2013 Salle de la Gerbe<br \/>\nAvignon (F) \u2013 Th\u00e9\u00e2tre des Halles<br \/>\nPrivas (F) \u2013 Th\u00e9\u00e2tre municipal<\/p>\n<p><strong>2017<\/strong><br \/>\nColmar (F) \u2013 Com\u00e9die de l\u2019Est<br \/>\nKiev (Ukraine) \u2013 Journ\u00e9es de la francophonie<br \/>\nOdessa (Ukraine) \u2013 Journ\u00e9es de la francophonie<br \/>\nAntibes (F) \u2013 Anth\u00e9a-Antipolis<br \/>\nGraissessac (F) \u2013 Grand Tour de Sortie Ouest<br \/>\nB\u00e9ziers (F) \u2013 Sortie Ouest<br \/>\nSt-Chinian (F) \u2013 Grand Tour de Sortie Ouest<br \/>\nIvry-sur-Seine (F) \u2013 Manufacture des OEillets<br \/>\nGu\u00e9ret (F) \u2013 La Fabrique<\/p>\n<p><strong>2018<\/strong><br \/>\nSt-Cloud (F) \u2013 Les 3 Pierrots<br \/>\nFort-de-France (Martinique) \u2013 S. N. Tropiques Atrium<br \/>\nRennes (F) \u2013 La Station<br \/>\nParis (F) \u2013 Th\u00e9\u00e2tre Poche-Montparnasse<br \/>\nLorry-les-Metz (F) \u2013 Espace Philippe de Vigneulles<br \/>\nSarlat (F) \u2013 Festival des Jeux du Th\u00e9\u00e2tre<br \/>\nChantilly (F) &#8211; La Sc\u00e8ne au Jardin<br \/>\nP\u00e9rigueux (F) \u2013 L\u2019Odyss\u00e9e<\/p>\n<p><strong>2019<\/strong><br \/>\nAgen (F) \u2013 Th\u00e9\u00e2tre Ducourneau<br \/>\nCrest (F) &#8211; Th\u00e9\u00e2tre Municipal<br \/>\nNice (F) \u2013 Th\u00e9\u00e2tre National<br \/>\nV\u00e9lizy-Villacoublay (F)\u00a0&#8211; L&rsquo;Onde<br \/>\nLausanne (CH)\u00a0&#8211; Eglise St-Fran\u00e7ois<\/p>\n<p><strong>2020<\/strong><br \/>\nFigeac (F) \u2013 Impromptu Festival<\/p>\n<p><strong>2021<\/strong><br \/>\nAvignon (F) \u2013 Festival OFF, Th\u00e9\u00e2tre 3 Soleils<\/p>\n<p><strong>2022<\/strong><\/p>\n<p>Grenoble\u00a0(F) \u2013 Centre \u0153cum\u00e9nique de Saint-Marc<br \/>\nLimoux\u00a0(F) \u2013 Th\u00e9\u00e2tre de l\u2019Elys\u00e9e<br \/>\nBro\u00fbt-Vernet\u00a0(F) \u2013 Festival Th\u00e9\u00e2tres de Bourbon<br \/>\nMon\u00e9tay-sur-Allier\u00a0(F) \u2013 Festival Th\u00e9\u00e2tres de Bourbon<br \/>\nMarigny\u00a0(F) \u2013 Festival Th\u00e9\u00e2tres de Bourbon<br \/>\nVeauce\u00a0(F) \u2013 Festival Th\u00e9\u00e2tres de Bourbon<br \/>\nRiez\u00a0(F) \u2013 Clo\u00eetre des Clarisses<br \/>\nClermont-Ferrand\u00a0(F) \u2013 Festival Th\u00e9\u00e2tre Biblique<\/p>\n","protected":false},"excerpt":{"rendered":"<p>Un spectacle qui donne corps et \u00e2me aux mots jubilatoires et sensuels de Joseph Delteil. Une presse enthousiaste et trois cent cinquante repr\u00e9sentations! Ici pas de pr\u00eache ni de message; juste un moment de vie, fou et joyeux, entre coups de foudre et r\u00e9voltes. Un hymne \u00e0 la libert\u00e9!<\/p>\n<div class=\"read-more\"><a href=\"https:\/\/www.compagniedupassage.ch\/2022\/spectacles\/francois-dassise\/\">Lire la suite &#8250;<\/a><\/div>\n<p><!-- end of .read-more --><\/p>\n","protected":false},"author":9,"featured_media":1179,"parent":320,"menu_order":34,"comment_status":"closed","ping_status":"closed","template":"","meta":{"ngg_post_thumbnail":0,"footnotes":"","_links_to":"","_links_to_target":""},"class_list":["post-10","page","type-page","status-publish","has-post-thumbnail","hentry"],"_links":{"self":[{"href":"https:\/\/www.compagniedupassage.ch\/2022\/wp-json\/wp\/v2\/pages\/10","targetHints":{"allow":["GET"]}}],"collection":[{"href":"https:\/\/www.compagniedupassage.ch\/2022\/wp-json\/wp\/v2\/pages"}],"about":[{"href":"https:\/\/www.compagniedupassage.ch\/2022\/wp-json\/wp\/v2\/types\/page"}],"author":[{"embeddable":true,"href":"https:\/\/www.compagniedupassage.ch\/2022\/wp-json\/wp\/v2\/users\/9"}],"replies":[{"embeddable":true,"href":"https:\/\/www.compagniedupassage.ch\/2022\/wp-json\/wp\/v2\/comments?post=10"}],"version-history":[{"count":67,"href":"https:\/\/www.compagniedupassage.ch\/2022\/wp-json\/wp\/v2\/pages\/10\/revisions"}],"predecessor-version":[{"id":2365,"href":"https:\/\/www.compagniedupassage.ch\/2022\/wp-json\/wp\/v2\/pages\/10\/revisions\/2365"}],"up":[{"embeddable":true,"href":"https:\/\/www.compagniedupassage.ch\/2022\/wp-json\/wp\/v2\/pages\/320"}],"wp:featuredmedia":[{"embeddable":true,"href":"https:\/\/www.compagniedupassage.ch\/2022\/wp-json\/wp\/v2\/media\/1179"}],"wp:attachment":[{"href":"https:\/\/www.compagniedupassage.ch\/2022\/wp-json\/wp\/v2\/media?parent=10"}],"curies":[{"name":"wp","href":"https:\/\/api.w.org\/{rel}","templated":true}]}}